{"id":178,"date":"2025-11-29T21:15:48","date_gmt":"2025-11-29T21:15:48","guid":{"rendered":"https:\/\/cges.me\/?page_id=178"},"modified":"2026-04-02T13:20:32","modified_gmt":"2026-04-02T13:20:32","slug":"medunarodna-saradnja","status":"publish","type":"page","link":"https:\/\/cges.me\/en\/o-nama\/medunarodna-saradnja\/","title":{"rendered":"International cooperation"},"content":{"rendered":"<h2 class=\"wp-block-heading section__title\">International cooperation<\/h2>\n\n\n\n<p>Considering that the Law on Cross-Border Exchange of Electricity and Gas stipulates that cross-border electricity transmission may be performed by a Transmission System Operator (TSO) that has established a system of international cooperation, and that such international cooperation constitutes an obligation of the TSO, CGES continuously develops and enhances international cooperation within its operations, both at the regional and the European level.<\/p>\n\n\n\n<p>CGES is a member of the ENTSO-E (European Network of Transmission System Operators for Electricity), as well as Med-TSO \u2013 the Association of the Mediterranean Transmission System Operators. It also participates in the work of Energy Community task forces, and operates the ENTSO-E control area of Montenegro, which, together with the control areas of Serbia and North Macedonia, constitutes the SMM control block. CGES also actively contributes to initiatives aimed at integrating electricity markets.<\/p>\n\n\n\n<p><\/p>","protected":false},"excerpt":{"rendered":"<p>Me\u0111unarodna saradnja Imaju\u0107i u vidu da je Zakonom o prekograni\u010dnoj razmjeni elektri\u010dne energije i gasa propisano da prekograni\u010dni prenos elektri\u010dne energije mo\u017ee da obavlja Operator prenosnog sistema (OPS) koji ima uspostavljen sistem me\u0111unarodne saradnje, te da je me\u0111unarodna saradnja OPS-a du\u017enost, CGES-a u okviru svog poslovanja kontinuirano ostvaruje i unapre\u0111uje me\u0111unarodnu saradnju, kako na regionalnom&hellip;<\/p>","protected":false},"author":1,"featured_media":0,"parent":17,"menu_order":25,"comment_status":"closed","ping_status":"closed","template":"pages\/o-nama.php","meta":{"_acf_changed":false,"footnotes":""},"class_list":["post-178","page","type-page","status-publish","hentry"],"acf":[],"_links":{"self":[{"href":"https:\/\/cges.me\/en\/wp-json\/wp\/v2\/pages\/178","targetHints":{"allow":["GET"]}}],"collection":[{"href":"https:\/\/cges.me\/en\/wp-json\/wp\/v2\/pages"}],"about":[{"href":"https:\/\/cges.me\/en\/wp-json\/wp\/v2\/types\/page"}],"author":[{"embeddable":true,"href":"https:\/\/cges.me\/en\/wp-json\/wp\/v2\/users\/1"}],"replies":[{"embeddable":true,"href":"https:\/\/cges.me\/en\/wp-json\/wp\/v2\/comments?post=178"}],"version-history":[{"count":14,"href":"https:\/\/cges.me\/en\/wp-json\/wp\/v2\/pages\/178\/revisions"}],"predecessor-version":[{"id":9534,"href":"https:\/\/cges.me\/en\/wp-json\/wp\/v2\/pages\/178\/revisions\/9534"}],"up":[{"embeddable":true,"href":"https:\/\/cges.me\/en\/wp-json\/wp\/v2\/pages\/17"}],"wp:attachment":[{"href":"https:\/\/cges.me\/en\/wp-json\/wp\/v2\/media?parent=178"}],"curies":[{"name":"wp","href":"https:\/\/api.w.org\/{rel}","templated":true}]}}