{"id":198,"date":"2025-11-30T01:39:32","date_gmt":"2025-11-30T01:39:32","guid":{"rendered":"https:\/\/cges.me\/?page_id=198"},"modified":"2026-04-08T06:14:22","modified_gmt":"2026-04-08T06:14:22","slug":"telekomunikacije","status":"publish","type":"page","link":"https:\/\/cges.me\/en\/o-nama\/djelatnost\/telekomunikacije\/","title":{"rendered":"Telecommunications"},"content":{"rendered":"<p>Crnogorski elektroprenosni sistem AD registrovan je u Registru EK operatora Agencije za elektronske komunikacije i po\u0161tansku djelatnost kao operator javne fiksne elektronske komunikacione mre\u017ee i operator javnih fiksnih elektronskih komunikacionih usluga za pru\u017eanje usluge iznajmljivanja opti\u010dkih vlakana (dark fiber) i usluge zakupa elektronske komunikacione infrastrukture (kolokacija). <\/p>\n\n\n\n<p>Pursuant to the Law on Electronic Telecommunications (Official Gazette of Montenegro, no. 40\/13, 56\/13, 02\/17), Crnogorski elektroprenosni sistem AD (CGES) is registered in the Register of Operators of the Agency for Electronic Communications and Postal Services (Decision no. 0205-3719\/2 of 01 October 2010) for providing the service of <strong>optical fibre lease<\/strong>.<\/p>\n\n\n\n<p>The telecommunications system of Crnogorski elektroprenosni sistem AD is based on IP\/MPLS technology. CGES has its own passive optical network and, in combination with new IP\/MPLS active equipment, it has a modern and reliable telecommunications system that connects all facilities of interest to CGES. The new telecommunications system of CGES replaces the existing SDH\/PDH system and enables an additional level of reliability and availability during the transmission of services necessary for the normal operation of the electricity transmission system, such as: SCADA systems, metering systems, operational telephony, protection systems, video surveillance, business network, exchange of information with EPCG and CEDIS, international connections with neighbouring transmission system operators and many others. To this end, redundancies have been implemented in the multi-level system. Several redundant telecommunication connections lead to each location, both by optical cables and by radio relay links. Redundancies have also been implemented at the level of power supply sources, modular power supply, processor and traffic cards up to the level of communication interfaces.<\/p>\n\n\n\n<p>The total length of the optical cable is 1004 km.<\/p>\n\n\n\n<p>Table 1 contains a list of all sections that make up the optical network of CGES:<\/p>\n\n\n\n<figure class=\"wp-block-table\"><table><tbody><tr><td class=\"has-text-align-center\" data-align=\"center\">No.<\/td><td>SECTIONS<\/td><td>Section type<\/td><td>Optical length (m)<\/td><\/tr><tr><td class=\"has-text-align-center\" data-align=\"center\">&nbsp;1<\/td><td>SS Podgorica 2 \u2013 SS Lastva<\/td><td>400kV OPGW<\/td><td>70915<\/td><\/tr><tr><td class=\"has-text-align-center\" data-align=\"center\">&nbsp;2<\/td><td>SS Lastva \u2013 Trebinje (to the border with Bosnia and Herzegovina)<\/td><td>400kV OPGW<\/td><td>71400<\/td><\/tr><tr><td class=\"has-text-align-center\" data-align=\"center\">&nbsp;3<\/td><td>SS Podgorica 2 \u2013 SS Ribarevine<\/td><td>400kV OPGW<\/td><td>91600<\/td><\/tr><tr><td class=\"has-text-align-center\" data-align=\"center\">&nbsp;4<\/td><td>SS Pljevlja 2 \u2013 SS Ribarevine<\/td><td>400kV OPGW<\/td><td>59600<\/td><\/tr><tr><td class=\"has-text-align-center\" data-align=\"center\">&nbsp;5<\/td><td>SS Pljevlja 2 \u2013 SS Bistrica (border with Serbia)<\/td><td>110kV OPGW<\/td><td>14000<\/td><\/tr><tr><td class=\"has-text-align-center\" data-align=\"center\">&nbsp;6<\/td><td>SS Pljevlja 1 \u2013 SS Pljevlja 2<\/td><td>110kV OPGW<\/td><td>3220<\/td><\/tr><tr><td class=\"has-text-align-center\" data-align=\"center\">&nbsp;7<\/td><td>SS Piva \u2013 SS Pljevlja 2<\/td><td>220kV OPGW<\/td><td>53700<\/td><\/tr><tr><td class=\"has-text-align-center\" data-align=\"center\">&nbsp;8<\/td><td>SS Podgorica 1 \u2013 HPP Peru\u0107ica<\/td><td>220kV OPGW<\/td><td>36730<\/td><\/tr><tr><td class=\"has-text-align-center\" data-align=\"center\">&nbsp;9<\/td><td>SS Podgorica 1 \u2013 HPP Peru\u0107ica<\/td><td>POK<\/td><td>3390<\/td><\/tr><tr><td class=\"has-text-align-center\" data-align=\"center\">&nbsp;10<\/td><td>SS Podgorica 2 \u2013 SS Cetinje<\/td><td>110kV OPGW<\/td><td>33600<\/td><\/tr><tr><td class=\"has-text-align-center\" data-align=\"center\">&nbsp;11<\/td><td>SS Cetinje \u2013 SS Budva<\/td><td>110kV OPGW<\/td><td>12390<\/td><\/tr><tr><td class=\"has-text-align-center\" data-align=\"center\">&nbsp;12<\/td><td>SS Budva \u2013 SS Lastva<\/td><td>110kV OPGW<\/td><td>7000<\/td><\/tr><tr><td class=\"has-text-align-center\" data-align=\"center\">&nbsp;13<\/td><td>SS Lastva \u2013 SS Tivat<\/td><td>110kV OPGW<\/td><td>14000<\/td><\/tr><tr><td class=\"has-text-align-center\" data-align=\"center\">&nbsp;14<\/td><td>SS Tivat \u2013 SS Herceg Novi<\/td><td>110kV OPGW<\/td><td>21860<\/td><\/tr><tr><td class=\"has-text-align-center\" data-align=\"center\">&nbsp;15<\/td><td>SS Podgorica 2 \u2013 SS Virpazar<\/td><td>110kV OPGW<\/td><td>31580<\/td><\/tr><tr><td class=\"has-text-align-center\" data-align=\"center\">&nbsp;16<\/td><td>NDC \u2013 Head Office<\/td><td>POK<\/td><td>1000<\/td><\/tr><tr><td class=\"has-text-align-center\" data-align=\"center\">&nbsp;17<\/td><td>SS Podgorica 1 \u2013 SS Podgorica 2<\/td><td>110kV OPGW<\/td><td>6360<\/td><\/tr><tr><td class=\"has-text-align-center\" data-align=\"center\">&nbsp;18<\/td><td>TS Podgorica 2 \u2013 TS Podgorica 4<\/td><td>110kV OPGW<\/td><td>3970<\/td><\/tr><tr><td class=\"has-text-align-center\" data-align=\"center\">&nbsp;19<\/td><td>NDC \u2013 SS Podgorica 4<\/td><td>POK<\/td><td>2000<\/td><\/tr><tr><td class=\"has-text-align-center\" data-align=\"center\">&nbsp;20<\/td><td>SS Podgorica 2 \u2013 SS Podgorica 5<\/td><td>110kV OPGW<\/td><td>12150<\/td><\/tr><tr><td class=\"has-text-align-center\" data-align=\"center\">&nbsp;21<\/td><td>SS Podgorica 2 \u2013 Tirana (border with Albania)<\/td><td>400kV OPGW<\/td><td>29000<\/td><\/tr><tr><td class=\"has-text-align-center\" data-align=\"center\">&nbsp;22<\/td><td>HPP Peru\u0107ica \u2013 SS Nik\u0161i\u0107<\/td><td>110kV OPGW<\/td><td>13640<\/td><\/tr><tr><td class=\"has-text-align-center\" data-align=\"center\">&nbsp;23<\/td><td>SS Andrijevica \u2013 SS Berane<\/td><td>110kV OPGW<\/td><td>19200<\/td><\/tr><tr><td class=\"has-text-align-center\" data-align=\"center\">&nbsp;24<\/td><td>SS Berane \u2013 SS Ribarevine<\/td><td>110kV OPGW<\/td><td>22500<\/td><\/tr><tr><td class=\"has-text-align-center\" data-align=\"center\">&nbsp;25<\/td><td>SS Ribarevine \u2013 SS Mojkovac<\/td><td>110kV OPGW<\/td><td>15290<\/td><\/tr><tr><td class=\"has-text-align-center\" data-align=\"center\">&nbsp;26<\/td><td>SS Virpazar \u2013 SS Bar<\/td><td>110kV OPGW<\/td><td>17140<\/td><\/tr><tr><td class=\"has-text-align-center\" data-align=\"center\">&nbsp;27<\/td><td>SS Podgorica 1 \u2013 SS Danilovgrad<\/td><td>110kV OPGW<\/td><td>18600<\/td><\/tr><tr><td class=\"has-text-align-center\" data-align=\"center\">&nbsp;28<\/td><td>SS Bar \u2013 WPP Mo\u017eura<\/td><td>110kV OPGW<\/td><td>19890<\/td><\/tr><tr><td class=\"has-text-align-center\" data-align=\"center\">&nbsp;29<\/td><td>WPP Mo\u017eura \u2013 SS Ulcinj<\/td><td>110kV OPGW<\/td><td>5870<\/td><\/tr><tr><td class=\"has-text-align-center\" data-align=\"center\">&nbsp;30<\/td><td>SS Podgorica 1 \u2013 SS Podgorica 3<\/td><td>110kV OPGW<\/td><td>4560<\/td><\/tr><tr><td class=\"has-text-align-center\" data-align=\"center\">&nbsp;31<\/td><td>TS Ribarevine \u2013 Kosovo (to the border)<\/td><td>400kV OPGW<\/td><td>58000<\/td><\/tr><tr><td class=\"has-text-align-center\" data-align=\"center\">&nbsp;32<\/td><td>TS Podgorica 1 \u2013 CGES Head Office<\/td><td>POK<\/td><td>3880<\/td><\/tr><tr><td class=\"has-text-align-center\" data-align=\"center\">&nbsp;33<\/td><td>SS Podgorica 3 \u2013 SS Podgorica 5<\/td><td>POK<\/td><td>3880<\/td><\/tr><tr><td class=\"has-text-align-center\" data-align=\"center\">&nbsp;34<\/td><td>SS Nik\u0161i\u0107 \u2013 SS Kli\u010devo<\/td><td>POK<\/td><td>3870<\/td><\/tr><tr><td class=\"has-text-align-center\" data-align=\"center\">&nbsp;35<\/td><td>SS Kli\u010devo \u2013 SS Brezna<\/td><td>110kV OPGW<\/td><td>33420<\/td><\/tr><tr><td class=\"has-text-align-center\" data-align=\"center\">&nbsp;36<\/td><td>SS Brezna \u2013 WPP Krnovo<\/td><td>110kV OPGW<\/td><td>21540<\/td><\/tr><tr><td class=\"has-text-align-center\" data-align=\"center\">&nbsp;37<\/td><td>SS Tivat \u2013 SS Kotor<\/td><td>110kV OPGW<\/td><td>6600<\/td><\/tr><tr><td class=\"has-text-align-center\" data-align=\"center\">&nbsp;38<\/td><td>SS Vilusi \u2013 Ilino Brdo<\/td><td>POK<\/td><td>4121<\/td><\/tr><tr><td class=\"has-text-align-center\" data-align=\"center\">&nbsp;39<\/td><td>SS Podgorica 1 \u2013 SS Podgorica 4<\/td><td>110kV OPGW\/POK<\/td><td>5822<\/td><\/tr><tr><td class=\"has-text-align-center\" data-align=\"center\">&nbsp;40<\/td><td>SS Podgorica 1 \u2013 SS Mrke<\/td><td>110kV OPGW<\/td><td>9000<\/td><\/tr><tr><td class=\"has-text-align-center\" data-align=\"center\">&nbsp;41<\/td><td>SS Lastva \u2013 SS Brezna<\/td><td>400kV OPGW<\/td><td>96000<\/td><\/tr><tr><td class=\"has-text-align-center\" data-align=\"center\">&nbsp;42<\/td><td>SS Brezna \u2013 SS \u017dabljak<\/td><td>110kV OPGW<\/td><td>42000<\/td><\/tr><\/tbody><\/table><\/figure>\n\n\n\n<p class=\"has-text-align-center\">Table 1 \u2013 List of sections of CGES optical network<\/p>\n\n\n\n<p><\/p>\n\n\n\n<p>The optical network is consistent with the development of transmission networks in neighbouring electric power companies. The capacity of the OPGW cable in the network is 48 optical fibres. The applied OPGW cables have two types of fibres, 24 fibres are ITU-T G.652D SMF type, and the other 24 fibres are ITU-T G.655C NZDSF type. In the directions Andrijevica \u2013 Berane and Pljevlja 1 \u2013 Pljevlja 2, a cable with 24 optical fibres was used, but with a mixed structure that includes both types of used fibres. On the section Lastva \u2013 Brezna, a cable with 12 optical fibres ITU-T G.652D SMF type was used, and on the section Brezna \u2013 \u017dabljak, a cable with 12 optical fibres ITU-T G.655C NZDSF type was used. Through the use of optics, CGES is connected to the electric power companies of Serbia, Kosovo, Bosnia and Herzegovina and Albania.<\/p>\n\n\n\n<p class=\"has-text-align-center\">The physical structure of the CGES optical network is shown in Figure 1:<br><\/p>\n\n\n\n<figure class=\"wp-block-image size-full\"><img decoding=\"async\" width=\"1386\" height=\"1588\" src=\"https:\/\/cges.me\/wp-content\/uploads\/2026\/03\/Fizicka-struktura-opticke-mreze-CGESa.jpg\" alt=\"\" class=\"wp-image-9412\" title=\"\" srcset=\"https:\/\/cges.me\/wp-content\/uploads\/2026\/03\/Fizicka-struktura-opticke-mreze-CGESa.jpg 1386w, https:\/\/cges.me\/wp-content\/uploads\/2026\/03\/Fizicka-struktura-opticke-mreze-CGESa-1341x1536.jpg 1341w, https:\/\/cges.me\/wp-content\/uploads\/2026\/03\/Fizicka-struktura-opticke-mreze-CGESa-10x12.jpg 10w\" sizes=\"(max-width: 1386px) 100vw, 1386px\" \/><\/figure>\n\n\n\n<p>Figure 1 \u2013 CGES optical network<\/p>\n\n\n\n<p><br>Pursuant to the Law on Electronic Telecommunications (Official Gazette of Montenegro, no. 40\/13, 56\/13, 02\/17), Crnogorski elektroprenosni sistem AD (CGES) is registered in the Register of Operators of the Agency for Electronic Communications and Postal Services (Decision no. 0205-5479\/2 of 30 July 2019) for providing the service of <strong>electronic communication infrastructure lease.<\/strong>.<\/p>\n\n\n\n<p>CGES offers the relevant service to interested operators in cases where there are technical conditions and available free capacity for joint use of the electronic communication infrastructure and if joint use does not cause interference with the operation and use of this infrastructure. The service of electronic communication infrastructure lease includes the provision of alternating power supply 220 AC. CGES can provide power supply from the home transformer, as for other consumers in the substation. Equipment for uninterruptible power supply is provided by the lessee.<\/p>\n\n\n\n<p>The colocation service is possible at the following locations:<\/p>\n\n\n\n<p><\/p>\n\n\n\n<div class=\"wp-block-group is-vertical is-content-justification-center is-layout-flex wp-container-core-group-is-layout-4b2eccd6 wp-block-group-is-layout-flex\">\n<figure class=\"wp-block-table is-style-regular\"><table><tbody><tr><td><strong>Rd. broj<\/strong><\/td><td class=\"has-text-align-left\" data-align=\"left\"><strong>SUBSTATION<\/strong><\/td><\/tr><tr><td>1<\/td><td class=\"has-text-align-left\" data-align=\"left\">Podgorica 1 (Zagori\u010d)<\/td><\/tr><tr><td>2<\/td><td class=\"has-text-align-left\" data-align=\"left\">Podgorica 2 (Mareza)<\/td><\/tr><tr><td>3<\/td><td class=\"has-text-align-left\" data-align=\"left\">NDC<\/td><\/tr><tr><td>4<\/td><td class=\"has-text-align-left\" data-align=\"left\">Head Office<\/td><\/tr><tr><td>5<\/td><td class=\"has-text-align-left\" data-align=\"left\">Danilovgrad<\/td><\/tr><tr><td>6<\/td><td class=\"has-text-align-left\" data-align=\"left\">Nik\u0161i\u0107 1<\/td><\/tr><tr><td>7<\/td><td class=\"has-text-align-left\" data-align=\"left\">Nik\u0161i\u0107 2 (Kli\u010devo)<\/td><\/tr><tr><td>8<\/td><td class=\"has-text-align-left\" data-align=\"left\">Brezna<\/td><\/tr><tr><td>9<\/td><td class=\"has-text-align-left\" data-align=\"left\">\u017dabljak<\/td><\/tr><tr><td>10<\/td><td class=\"has-text-align-left\" data-align=\"left\">Pljevlja 1 (\u017didovi\u0107i)<\/td><\/tr><tr><td>11<\/td><td class=\"has-text-align-left\" data-align=\"left\">Pljevlja 2 (Kalu\u0161i\u0107i)<\/td><\/tr><tr><td>12<\/td><td class=\"has-text-align-left\" data-align=\"left\">Berane<\/td><\/tr><tr><td>13<\/td><td class=\"has-text-align-left\" data-align=\"left\">Mojkovac<\/td><\/tr><tr><td>14<\/td><td class=\"has-text-align-left\" data-align=\"left\">Ribarevine<\/td><\/tr><tr><td>15<\/td><td class=\"has-text-align-left\" data-align=\"left\">Andrijevica<\/td><\/tr><tr><td>16<\/td><td class=\"has-text-align-left\" data-align=\"left\">Mrke<\/td><\/tr><tr><td>17<\/td><td class=\"has-text-align-left\" data-align=\"left\">Mate\u0161evo<\/td><\/tr><tr><td>18<\/td><td class=\"has-text-align-left\" data-align=\"left\">Virpazar<\/td><\/tr><tr><td>19<\/td><td class=\"has-text-align-left\" data-align=\"left\">Bar<\/td><\/tr><tr><td>20<\/td><td class=\"has-text-align-left\" data-align=\"left\">Ulcinj<\/td><\/tr><tr><td>21<\/td><td class=\"has-text-align-left\" data-align=\"left\">Cetinje<\/td><\/tr><tr><td>22<\/td><td class=\"has-text-align-left\" data-align=\"left\">Budva<\/td><\/tr><tr><td>23<\/td><td class=\"has-text-align-left\" data-align=\"left\">Lastva<\/td><\/tr><tr><td>24<\/td><td class=\"has-text-align-left\" data-align=\"left\">Kotor<\/td><\/tr><tr><td>25<\/td><td class=\"has-text-align-left\" data-align=\"left\">Tivat<\/td><\/tr><tr><td>26<\/td><td class=\"has-text-align-left\" data-align=\"left\">Herceg Novi<\/td><\/tr><\/tbody><\/table><\/figure>\n<\/div>\n\n\n\n<p class=\"has-text-align-center\">Table 2 \u2013 List of substations where the colocation service is possible<\/p>\n\n\n\n<figure class=\"wp-block-gallery has-nested-images columns-default is-cropped wp-block-gallery-1 is-layout-flex wp-block-gallery-is-layout-flex\"><\/figure>\n\n\n\n<p><\/p>","protected":false},"excerpt":{"rendered":"<p>Crnogorski elektroprenosni sistem AD registrovan je u Registru EK operatora Agencije za elektronske komunikacije i po\u0161tansku djelatnost kao operator javne fiksne elektronske komunikacione mre\u017ee i operator javnih fiksnih elektronskih komunikacionih usluga za pru\u017eanje usluge iznajmljivanja opti\u010dkih vlakana (dark fiber) i usluge zakupa elektronske komunikacione infrastrukture (kolokacija). Crnogorski elektroprenosni sistem AD (CGES), je shodno Zakonu o&hellip;<\/p>","protected":false},"author":1,"featured_media":0,"parent":176,"menu_order":24,"comment_status":"closed","ping_status":"closed","template":"","meta":{"_acf_changed":false,"footnotes":""},"class_list":["post-198","page","type-page","status-publish","hentry"],"acf":[],"_links":{"self":[{"href":"https:\/\/cges.me\/en\/wp-json\/wp\/v2\/pages\/198","targetHints":{"allow":["GET"]}}],"collection":[{"href":"https:\/\/cges.me\/en\/wp-json\/wp\/v2\/pages"}],"about":[{"href":"https:\/\/cges.me\/en\/wp-json\/wp\/v2\/types\/page"}],"author":[{"embeddable":true,"href":"https:\/\/cges.me\/en\/wp-json\/wp\/v2\/users\/1"}],"replies":[{"embeddable":true,"href":"https:\/\/cges.me\/en\/wp-json\/wp\/v2\/comments?post=198"}],"version-history":[{"count":11,"href":"https:\/\/cges.me\/en\/wp-json\/wp\/v2\/pages\/198\/revisions"}],"predecessor-version":[{"id":9544,"href":"https:\/\/cges.me\/en\/wp-json\/wp\/v2\/pages\/198\/revisions\/9544"}],"up":[{"embeddable":true,"href":"https:\/\/cges.me\/en\/wp-json\/wp\/v2\/pages\/176"}],"wp:attachment":[{"href":"https:\/\/cges.me\/en\/wp-json\/wp\/v2\/media?parent=198"}],"curies":[{"name":"wp","href":"https:\/\/api.w.org\/{rel}","templated":true}]}}