{"id":224,"date":"2025-11-30T02:13:25","date_gmt":"2025-11-30T02:13:25","guid":{"rendered":"https:\/\/cges.me\/?page_id=224"},"modified":"2026-04-17T12:16:05","modified_gmt":"2026-04-17T12:16:05","slug":"evropska-mreza-operatora-prenosnih-sistema-elektricne-energije-entso-e","status":"publish","type":"page","link":"https:\/\/cges.me\/en\/o-nama\/medunarodna-saradnja\/evropska-mreza-operatora-prenosnih-sistema-elektricne-energije-entso-e\/","title":{"rendered":"European Network of Transmission System Operators for Electricity (ENTSO-E)"},"content":{"rendered":"<p>European Network of Transmission System Operators for Electricity (ENTSO-E ), counts 40 members from 36 European countries.<\/p>\n\n\n\n<p>Transmission System Operators representing 36 countries are responsible for the secure and coordinated operation of the European power system, the largest interconnected electricity transmission network in the world. In addition to its core role in technical cooperation, ENTSO-E also serves as the common voice of transmission system operators. ENTSO-E brings together the unique expertise of TSOs for the benefit of European citizens by enabling the energy transition and promoting the establishment and optimal functioning of the internal electricity market, including the fulfilment of the mandates assigned to ENTSO-E under EU legislation.<\/p>\n\n\n\n<p>CGES actively participates in the work of the ENTSO-E Assembly, the System Operation Committee (SOC), the System Development Committee, the Research, Development and Innovation Committee, the Market Committee, the Information and Communication Technologies Committee, as well as numerous working groups and bodies operating within ENTSO-E.<\/p>\n\n\n\n<p>More details <a href=\"https:\/\/www.entsoe.eu\" target=\"_blank\" rel=\"noopener\">https:\/\/www.entsoe.eu<\/a><\/p>\n\n\n\n<p><br><br><\/p>\n\n\n<div class=\"wp-block-image\">\n<figure class=\"aligncenter size-full is-resized\"><img decoding=\"async\" width=\"958\" height=\"984\" src=\"https:\/\/cges.me\/wp-content\/uploads\/2025\/11\/kockamapa.png\" alt=\"\" class=\"wp-image-228\" style=\"width:410px;height:auto\" title=\"\" srcset=\"https:\/\/cges.me\/wp-content\/uploads\/2025\/11\/kockamapa.png 958w, https:\/\/cges.me\/wp-content\/uploads\/2025\/11\/kockamapa-12x12.png 12w\" sizes=\"(max-width: 958px) 100vw, 958px\" \/><\/figure>\n<\/div>","protected":false},"excerpt":{"rendered":"<p>Evropska mre\u017ee operatora prenosnih sistema (ENTSO-E \u2013 European Network of Transmission System Operators for Electricity), broji 40 \u010dlanica iz 36 evropskih dr\u017eava. Operatori prenosnih sistema koji predstavljaju 36 zemalja odgovorni su za siguran i koordinisan rad evropskog elektroenergetskog sistema, najve\u0107e me\u0111usobno povezane elektroprenosni mre\u017ee na svijetu. Pored svoje osnovne uloge u tehni\u010dkoj saradnji, ENTSO-E je&hellip;<\/p>","protected":false},"author":1,"featured_media":0,"parent":178,"menu_order":28,"comment_status":"closed","ping_status":"closed","template":"","meta":{"_acf_changed":false,"footnotes":""},"class_list":["post-224","page","type-page","status-publish","hentry"],"acf":[],"_links":{"self":[{"href":"https:\/\/cges.me\/en\/wp-json\/wp\/v2\/pages\/224","targetHints":{"allow":["GET"]}}],"collection":[{"href":"https:\/\/cges.me\/en\/wp-json\/wp\/v2\/pages"}],"about":[{"href":"https:\/\/cges.me\/en\/wp-json\/wp\/v2\/types\/page"}],"author":[{"embeddable":true,"href":"https:\/\/cges.me\/en\/wp-json\/wp\/v2\/users\/1"}],"replies":[{"embeddable":true,"href":"https:\/\/cges.me\/en\/wp-json\/wp\/v2\/comments?post=224"}],"version-history":[{"count":5,"href":"https:\/\/cges.me\/en\/wp-json\/wp\/v2\/pages\/224\/revisions"}],"predecessor-version":[{"id":9564,"href":"https:\/\/cges.me\/en\/wp-json\/wp\/v2\/pages\/224\/revisions\/9564"}],"up":[{"embeddable":true,"href":"https:\/\/cges.me\/en\/wp-json\/wp\/v2\/pages\/178"}],"wp:attachment":[{"href":"https:\/\/cges.me\/en\/wp-json\/wp\/v2\/media?parent=224"}],"curies":[{"name":"wp","href":"https:\/\/api.w.org\/{rel}","templated":true}]}}