{"id":239,"date":"2025-11-30T02:23:38","date_gmt":"2025-11-30T02:23:38","guid":{"rendered":"https:\/\/cges.me\/?page_id=239"},"modified":"2026-04-17T12:25:18","modified_gmt":"2026-04-17T12:25:18","slug":"smm-blok","status":"publish","type":"page","link":"https:\/\/cges.me\/en\/o-nama\/medunarodna-saradnja\/smm-blok\/","title":{"rendered":"SMM Block Working Group"},"content":{"rendered":"<p style=\"font-size:18px\">CGES operates the ENTSO-E control area of Montenegro.<\/p>\n\n\n\n<p style=\"font-size:18px\">The Montenegro control area, together with the control areas of Serbia and North Macedonia, constitutes the SMM control block. Coordination of the SMM block is performed by the transmission system operator of Serbia - EMS, cooperating with CGES and Macedonian transmission system operator MEPSO.<\/p>\n\n\n\n<p style=\"font-size:18px\">A Permanent Working Group has been established by the transmission system operators of the SMM block, in charge of analysing and improving its operational performance.<\/p>\n\n\n\n<p><\/p>","protected":false},"excerpt":{"rendered":"<p>CGES upravlja ENTSO-E kontrolnom obla\u0161\u0107u Crna Gora. Kontrolna oblast Crna Gora, zajedno sa kontrolnim oblastima Srbije i Makedonije, \u010dini kontrolni blok SMM. Koordinaciju SMM bloka obavlja operator prenosnog sistema Srbije (EMS), sara\u0111uju\u0107i sa CGES-om i makedonskim operatorom prenosnog sistema (MEPSO). Od strane operatora prenosnih sistema SMM bloka formirana je Stalna radna grupa zadu\u017eena za analizu&hellip;<\/p>","protected":false},"author":1,"featured_media":0,"parent":178,"menu_order":29,"comment_status":"closed","ping_status":"closed","template":"","meta":{"_acf_changed":false,"footnotes":""},"class_list":["post-239","page","type-page","status-publish","hentry"],"acf":[],"_links":{"self":[{"href":"https:\/\/cges.me\/en\/wp-json\/wp\/v2\/pages\/239","targetHints":{"allow":["GET"]}}],"collection":[{"href":"https:\/\/cges.me\/en\/wp-json\/wp\/v2\/pages"}],"about":[{"href":"https:\/\/cges.me\/en\/wp-json\/wp\/v2\/types\/page"}],"author":[{"embeddable":true,"href":"https:\/\/cges.me\/en\/wp-json\/wp\/v2\/users\/1"}],"replies":[{"embeddable":true,"href":"https:\/\/cges.me\/en\/wp-json\/wp\/v2\/comments?post=239"}],"version-history":[{"count":2,"href":"https:\/\/cges.me\/en\/wp-json\/wp\/v2\/pages\/239\/revisions"}],"predecessor-version":[{"id":9567,"href":"https:\/\/cges.me\/en\/wp-json\/wp\/v2\/pages\/239\/revisions\/9567"}],"up":[{"embeddable":true,"href":"https:\/\/cges.me\/en\/wp-json\/wp\/v2\/pages\/178"}],"wp:attachment":[{"href":"https:\/\/cges.me\/en\/wp-json\/wp\/v2\/media?parent=239"}],"curies":[{"name":"wp","href":"https:\/\/api.w.org\/{rel}","templated":true}]}}