{"id":243,"date":"2025-11-30T02:26:25","date_gmt":"2025-11-30T02:26:25","guid":{"rendered":"https:\/\/cges.me\/?page_id=243"},"modified":"2026-04-17T12:20:59","modified_gmt":"2026-04-17T12:20:59","slug":"energetska-zajednica","status":"publish","type":"page","link":"https:\/\/cges.me\/en\/o-nama\/medunarodna-saradnja\/energetska-zajednica\/","title":{"rendered":"Energy community"},"content":{"rendered":"<p>The Energy Community is an international organization dealing with energy policy. The Community was established by an international  Treaty in October 2005 in Athens. The Treaty entered into force in July 2006, bringing together the European Union on one hand, and the countries of Southeast Europe and the Black Sea region on the other.<\/p>\n\n\n\n<p>The mission of the Energy Community is to support the region\u2019s path towards EU membership through the implementation of EU energy legislation, to promote alignment with EU energy and climate policies, to support the establishment of a strong regulatory framework ensuring security of supply and attracting investments, to foster market integration through cross-border trade in electricity, gas, hydrogen and CO\u2082, as well as to promote sustainability through renewable energy sources, energy efficiency, and environmental protection, while ensuring consumer protection.<\/p>\n\n\n\n<p>Montenegro is one of the Contracting Parties to the Energy Community, and representatives of CGES participate in the work of numerous task forces and initiatives.<\/p>\n\n\n\n<p>For more details, please visit: <a href=\"https:\/\/www.energy-community.org\" target=\"_blank\" rel=\"noopener\">https:\/\/www.energy-community.org<\/a><\/p>\n\n\n\n<p class=\"has-text-color has-link-color wp-elements-2e62d90bd5535919eaf42f9c0b1011a1\" style=\"color:#0095da\"><\/p>\n\n\n\n<p><\/p>","protected":false},"excerpt":{"rendered":"<p>Energetska zajednica je me\u0111unarodna organizacija koja se bavi energetskom politikom. Zajednica je osnovana potpisivanjem sporazuma u oktobru 2005. godine u Atini. Ugovor je stupio na snagu u julu 2006. godine, povezuju\u0107i Evropsku uniju, s jedne strane, i zemlje jugoisto\u010dne Evrope i Crnomorskog regiona, s druge. Misija Zajednice je podr\u0161ka putu regiona ka \u010dlanstvu u EU&hellip;<\/p>","protected":false},"author":1,"featured_media":0,"parent":178,"menu_order":27,"comment_status":"closed","ping_status":"closed","template":"","meta":{"_acf_changed":false,"footnotes":""},"class_list":["post-243","page","type-page","status-publish","hentry"],"acf":[],"_links":{"self":[{"href":"https:\/\/cges.me\/en\/wp-json\/wp\/v2\/pages\/243","targetHints":{"allow":["GET"]}}],"collection":[{"href":"https:\/\/cges.me\/en\/wp-json\/wp\/v2\/pages"}],"about":[{"href":"https:\/\/cges.me\/en\/wp-json\/wp\/v2\/types\/page"}],"author":[{"embeddable":true,"href":"https:\/\/cges.me\/en\/wp-json\/wp\/v2\/users\/1"}],"replies":[{"embeddable":true,"href":"https:\/\/cges.me\/en\/wp-json\/wp\/v2\/comments?post=243"}],"version-history":[{"count":6,"href":"https:\/\/cges.me\/en\/wp-json\/wp\/v2\/pages\/243\/revisions"}],"predecessor-version":[{"id":9566,"href":"https:\/\/cges.me\/en\/wp-json\/wp\/v2\/pages\/243\/revisions\/9566"}],"up":[{"embeddable":true,"href":"https:\/\/cges.me\/en\/wp-json\/wp\/v2\/pages\/178"}],"wp:attachment":[{"href":"https:\/\/cges.me\/en\/wp-json\/wp\/v2\/media?parent=243"}],"curies":[{"name":"wp","href":"https:\/\/api.w.org\/{rel}","templated":true}]}}