{"id":251,"date":"2025-11-30T02:31:58","date_gmt":"2025-11-30T02:31:58","guid":{"rendered":"https:\/\/cges.me\/?page_id=251"},"modified":"2026-04-17T12:15:27","modified_gmt":"2026-04-17T12:15:27","slug":"med-tso","status":"publish","type":"page","link":"https:\/\/cges.me\/en\/o-nama\/medunarodna-saradnja\/med-tso\/","title":{"rendered":"Med-TSO"},"content":{"rendered":"<p>Association of the Mediterranean Transmission System Operators \u2013(Med-TSO) was established with the aim of promoting the creation of a Mediterranean energy market, ensuring its optimal functioning through the definition of common methodologies, rules, and practices for optimizing the operation of existing infrastructure and facilitating the development of new infrastructure.<\/p>\n\n\n\n<p>CGES, as one of the founding members of the Med-TSO association, which counts 20 members from 20 Mediterranean countries, strives to contribute to the implementation of declared objectives, decision-making processes, and the overall work of the association.<\/p>\n\n\n\n<p>CGES actively participates in the work of the Med-TSO Assembly, Technical Committee- Regulation  &amp;Institutions,  Technical Committee - Operation, Technical Committee -Economic Studies &amp; Scenarios, as well as in the activities of other working bodies.<\/p>\n\n\n\n<p>More details <a href=\"https:\/\/med-tso.org\" target=\"_blank\" rel=\"noopener\">https:\/\/med-tso.org<\/a><\/p>\n\n\n\n<p><\/p>","protected":false},"excerpt":{"rendered":"<p>Asocijacija operatora prenosnih sistema zemalja Mediterana (Med-TSO) je osnovana sa ciljem promocije stvaranja mediteranskog energetskog tr\u017ei\u0161ta, obezbje\u0111uju\u0107i njegovo optimalno funkcionisanje definisanjem zajedni\u010dkih metodologija, pravila i praksi za optimizaciju rada postoje\u0107e infrastrukture i olak\u0161avanje razvoja nove. CGES, kao jedan od osniva\u010da Med-TSO asocijacije koja ima 20 \u010dlanova iz 20 zemalja Mediterana, nastoji da doprinese ostvarivanju utvr\u0111enih&hellip;<\/p>","protected":false},"author":1,"featured_media":0,"parent":178,"menu_order":26,"comment_status":"closed","ping_status":"closed","template":"","meta":{"_acf_changed":false,"footnotes":""},"class_list":["post-251","page","type-page","status-publish","hentry"],"acf":[],"_links":{"self":[{"href":"https:\/\/cges.me\/en\/wp-json\/wp\/v2\/pages\/251","targetHints":{"allow":["GET"]}}],"collection":[{"href":"https:\/\/cges.me\/en\/wp-json\/wp\/v2\/pages"}],"about":[{"href":"https:\/\/cges.me\/en\/wp-json\/wp\/v2\/types\/page"}],"author":[{"embeddable":true,"href":"https:\/\/cges.me\/en\/wp-json\/wp\/v2\/users\/1"}],"replies":[{"embeddable":true,"href":"https:\/\/cges.me\/en\/wp-json\/wp\/v2\/comments?post=251"}],"version-history":[{"count":11,"href":"https:\/\/cges.me\/en\/wp-json\/wp\/v2\/pages\/251\/revisions"}],"predecessor-version":[{"id":9563,"href":"https:\/\/cges.me\/en\/wp-json\/wp\/v2\/pages\/251\/revisions\/9563"}],"up":[{"embeddable":true,"href":"https:\/\/cges.me\/en\/wp-json\/wp\/v2\/pages\/178"}],"wp:attachment":[{"href":"https:\/\/cges.me\/en\/wp-json\/wp\/v2\/media?parent=251"}],"curies":[{"name":"wp","href":"https:\/\/api.w.org\/{rel}","templated":true}]}}